{"id":5128,"date":"2025-07-15T12:12:54","date_gmt":"2025-07-15T12:12:54","guid":{"rendered":"http:\/\/soocap.com\/?post_type=product&#038;p=5128"},"modified":"2025-07-15T12:39:00","modified_gmt":"2025-07-15T12:39:00","slug":"sesparca-cap","status":"publish","type":"product","link":"https:\/\/www.soocap.com\/?product=sesparca-cap","title":{"rendered":"\u015ee\u015fpar\u00e7a Cap"},"content":{"rendered":"<section class=\"wpb-content-wrapper\"><p>[vc_row][vc_column][vc_column_text] Konforlu, \u015e\u0131k ve Fonksiyonel![\/vc_column_text][\/vc_column][\/vc_row]<\/p>\n<\/section>","protected":false},"excerpt":{"rendered":"<ul>\n<li>Kad\u0131n 6 par\u00e7al\u0131 cap<\/li>\n<li>Standart beden<\/li>\n<li>%100 Pamuklu<\/li>\n<li>\u015eapka \u00f6n panel nak\u0131\u015f detayl\u0131<\/li>\n<li>\u015eapka arka toka ayarlanabilir toka<\/li>\n<li>\u015eapka arkas\u0131 sa\u00e7 topuzu \u00e7\u0131kabilecek \u015fekilde tasarlanm\u0131\u015f arka detay<\/li>\n<li>\u015eapka i\u00e7i %100 pamuk astarl\u0131<\/li>\n<\/ul>\n<p>&nbsp;<\/p>\n<p>D\u00fcnyaca bilinen \u00fcnl\u00fc markalara \u00fcretim yapan Nezih \u015eapka taraf\u0131ndan \u00fcretilmi\u015ftir.Kulland\u0131\u011f\u0131m\u0131z kuma\u015flar\u0131n gerekli testleri yap\u0131lm\u0131\u015ft\u0131r. G\u00fcvenle kullanabilirsiniz.<\/p>\n<div class=\"woocommerce-product-details__short-description\">\n<p><strong>\u00dcr\u00fcnlerimizi sadece Trendyol, Hepsiburada, Amazon, PttAVM, \u00c7i\u00e7eksepeti ve n11\u2019den sat\u0131n alabilirsiniz.<\/strong><\/p>\n<\/div>\n","protected":false},"featured_media":5130,"comment_status":"open","ping_status":"closed","template":"","meta":[],"product_brand":[170],"product_cat":[131,167],"product_tag":[],"class_list":{"0":"post-5128","1":"product","2":"type-product","3":"status-publish","4":"has-post-thumbnail","6":"product_brand-soocap","7":"product_cat-kadin","8":"product_cat-kadin-sapka","10":"first","11":"instock","12":"taxable","13":"shipping-taxable","14":"product-type-external"},"_links":{"self":[{"href":"https:\/\/www.soocap.com\/index.php?rest_route=\/wp\/v2\/product\/5128","targetHints":{"allow":["GET"]}}],"collection":[{"href":"https:\/\/www.soocap.com\/index.php?rest_route=\/wp\/v2\/product"}],"about":[{"href":"https:\/\/www.soocap.com\/index.php?rest_route=\/wp\/v2\/types\/product"}],"replies":[{"embeddable":true,"href":"https:\/\/www.soocap.com\/index.php?rest_route=%2Fwp%2Fv2%2Fcomments&post=5128"}],"wp:featuredmedia":[{"embeddable":true,"href":"https:\/\/www.soocap.com\/index.php?rest_route=\/wp\/v2\/media\/5130"}],"wp:attachment":[{"href":"https:\/\/www.soocap.com\/index.php?rest_route=%2Fwp%2Fv2%2Fmedia&parent=5128"}],"wp:term":[{"taxonomy":"product_brand","embeddable":true,"href":"https:\/\/www.soocap.com\/index.php?rest_route=%2Fwp%2Fv2%2Fproduct_brand&post=5128"},{"taxonomy":"product_cat","embeddable":true,"href":"https:\/\/www.soocap.com\/index.php?rest_route=%2Fwp%2Fv2%2Fproduct_cat&post=5128"},{"taxonomy":"product_tag","embeddable":true,"href":"https:\/\/www.soocap.com\/index.php?rest_route=%2Fwp%2Fv2%2Fproduct_tag&post=5128"}],"curies":[{"name":"wp","href":"https:\/\/api.w.org\/{rel}","templated":true}]}}