{"id":5187,"date":"2025-07-15T15:54:10","date_gmt":"2025-07-15T15:54:10","guid":{"rendered":"http:\/\/soocap.com\/?post_type=product&#038;p=5187"},"modified":"2025-07-15T15:56:36","modified_gmt":"2025-07-15T15:56:36","slug":"london-kasket","status":"publish","type":"product","link":"https:\/\/www.soocap.com\/?product=london-kasket","title":{"rendered":"London Kasket"},"content":{"rendered":"<section class=\"wpb-content-wrapper\"><p>[vc_row][vc_column][vc_column_text]Kadife Dokunu\u015fla Londra\u2019n\u0131n Hikayesi[\/vc_column_text][\/vc_column][\/vc_row]<\/p>\n<\/section>","protected":false},"excerpt":{"rendered":"<ul>\n<li>Kadife fitilli london kasket<\/li>\n<li>Kadife fitilli kuma\u015f<\/li>\n<li>\u015eapka yan panel nak\u0131\u015f detayl\u0131<\/li>\n<li>\u015eapka i\u00e7i pamuk s\u00fcprem astarl\u0131<\/li>\n<li>Arka kapama lastikli<\/li>\n<\/ul>\n<p>&nbsp;<\/p>\n<p>D\u00fcnyaca bilinen \u00fcnl\u00fc markalara \u00fcretim yapan Nezih \u015eapka taraf\u0131ndan \u00fcretilmi\u015ftir.Kulland\u0131\u011f\u0131m\u0131z kuma\u015flar\u0131n gerekli testleri yap\u0131lm\u0131\u015ft\u0131r. G\u00fcvenle kullanabilirsiniz.<\/p>\n<p>&nbsp;<\/p>\n<p><strong>\u00dcr\u00fcnlerimizi sadece Trendyol, Hepsiburada, Amazon, PttAVM, \u00c7i\u00e7eksepeti ve n11\u2019den sat\u0131n alabilirsiniz.<\/strong><\/p>\n","protected":false},"featured_media":5188,"comment_status":"open","ping_status":"closed","template":"","meta":[],"product_brand":[170],"product_cat":[168,169],"product_tag":[],"class_list":{"0":"post-5187","1":"product","2":"type-product","3":"status-publish","4":"has-post-thumbnail","6":"product_brand-soocap","7":"product_cat-erkek","8":"product_cat-erkek-sapka","10":"first","11":"instock","12":"taxable","13":"shipping-taxable","14":"product-type-external"},"_links":{"self":[{"href":"https:\/\/www.soocap.com\/index.php?rest_route=\/wp\/v2\/product\/5187","targetHints":{"allow":["GET"]}}],"collection":[{"href":"https:\/\/www.soocap.com\/index.php?rest_route=\/wp\/v2\/product"}],"about":[{"href":"https:\/\/www.soocap.com\/index.php?rest_route=\/wp\/v2\/types\/product"}],"replies":[{"embeddable":true,"href":"https:\/\/www.soocap.com\/index.php?rest_route=%2Fwp%2Fv2%2Fcomments&post=5187"}],"wp:featuredmedia":[{"embeddable":true,"href":"https:\/\/www.soocap.com\/index.php?rest_route=\/wp\/v2\/media\/5188"}],"wp:attachment":[{"href":"https:\/\/www.soocap.com\/index.php?rest_route=%2Fwp%2Fv2%2Fmedia&parent=5187"}],"wp:term":[{"taxonomy":"product_brand","embeddable":true,"href":"https:\/\/www.soocap.com\/index.php?rest_route=%2Fwp%2Fv2%2Fproduct_brand&post=5187"},{"taxonomy":"product_cat","embeddable":true,"href":"https:\/\/www.soocap.com\/index.php?rest_route=%2Fwp%2Fv2%2Fproduct_cat&post=5187"},{"taxonomy":"product_tag","embeddable":true,"href":"https:\/\/www.soocap.com\/index.php?rest_route=%2Fwp%2Fv2%2Fproduct_tag&post=5187"}],"curies":[{"name":"wp","href":"https:\/\/api.w.org\/{rel}","templated":true}]}}