{"id":5190,"date":"2025-07-15T16:06:50","date_gmt":"2025-07-15T16:06:50","guid":{"rendered":"http:\/\/soocap.com\/?post_type=product&#038;p=5190"},"modified":"2025-07-15T16:15:35","modified_gmt":"2025-07-15T16:15:35","slug":"pencetas","status":"publish","type":"product","link":"https:\/\/www.soocap.com\/?product=pencetas","title":{"rendered":"Pen\u00e7eta\u015f"},"content":{"rendered":"<section class=\"wpb-content-wrapper\"><p>[vc_row][vc_column][vc_column_text]Avc\u0131 Ruhuyla \u015eehir \u015e\u0131kl\u0131\u011f\u0131![\/vc_column_text][\/vc_column][\/vc_row]<\/p>\n<\/section>","protected":false},"excerpt":{"rendered":"<ul>\n<li>Erkek i\u00e7i kapitone astarl\u0131, Kulakl\u0131k pel\u00fc\u015f kuma\u015f Hunter model ka\u015fe kuma\u015f<\/li>\n<li>Standart Beden<\/li>\n<li>Kau\u00e7uk Arma detayl\u0131<\/li>\n<\/ul>\n<p>&nbsp;<\/p>\n<p>&nbsp;<\/p>\n<p>D\u00fcnyaca bilinen \u00fcnl\u00fc markalara \u00fcretim yapan Nezih \u015eapka taraf\u0131ndan \u00fcretilmi\u015ftir.Kulland\u0131\u011f\u0131m\u0131z kuma\u015flar\u0131n gerekli testleri yap\u0131lm\u0131\u015ft\u0131r. G\u00fcvenle kullanabilirsiniz.<\/p>\n<p>&nbsp;<\/p>\n<p><strong>\u00dcr\u00fcnlerimizi sadece Trendyol, Hepsiburada, Amazon, PttAVM, \u00c7i\u00e7eksepeti ve n11\u2019den sat\u0131n alabilirsiniz.<\/strong><\/p>\n","protected":false},"featured_media":5191,"comment_status":"open","ping_status":"closed","template":"","meta":[],"product_brand":[170],"product_cat":[168,169],"product_tag":[],"class_list":{"0":"post-5190","1":"product","2":"type-product","3":"status-publish","4":"has-post-thumbnail","6":"product_brand-soocap","7":"product_cat-erkek","8":"product_cat-erkek-sapka","10":"first","11":"instock","12":"taxable","13":"shipping-taxable","14":"product-type-external"},"_links":{"self":[{"href":"https:\/\/www.soocap.com\/index.php?rest_route=\/wp\/v2\/product\/5190","targetHints":{"allow":["GET"]}}],"collection":[{"href":"https:\/\/www.soocap.com\/index.php?rest_route=\/wp\/v2\/product"}],"about":[{"href":"https:\/\/www.soocap.com\/index.php?rest_route=\/wp\/v2\/types\/product"}],"replies":[{"embeddable":true,"href":"https:\/\/www.soocap.com\/index.php?rest_route=%2Fwp%2Fv2%2Fcomments&post=5190"}],"wp:featuredmedia":[{"embeddable":true,"href":"https:\/\/www.soocap.com\/index.php?rest_route=\/wp\/v2\/media\/5191"}],"wp:attachment":[{"href":"https:\/\/www.soocap.com\/index.php?rest_route=%2Fwp%2Fv2%2Fmedia&parent=5190"}],"wp:term":[{"taxonomy":"product_brand","embeddable":true,"href":"https:\/\/www.soocap.com\/index.php?rest_route=%2Fwp%2Fv2%2Fproduct_brand&post=5190"},{"taxonomy":"product_cat","embeddable":true,"href":"https:\/\/www.soocap.com\/index.php?rest_route=%2Fwp%2Fv2%2Fproduct_cat&post=5190"},{"taxonomy":"product_tag","embeddable":true,"href":"https:\/\/www.soocap.com\/index.php?rest_route=%2Fwp%2Fv2%2Fproduct_tag&post=5190"}],"curies":[{"name":"wp","href":"https:\/\/api.w.org\/{rel}","templated":true}]}}